{"id":5902,"date":"2022-03-01T19:45:48","date_gmt":"2022-03-01T16:45:48","guid":{"rendered":"https:\/\/naturetech.com.tr\/tech-tonic\/"},"modified":"2022-04-05T23:31:00","modified_gmt":"2022-04-05T20:31:00","slug":"tech-tonic","status":"publish","type":"page","link":"https:\/\/naturetech.com.tr\/en\/tech-tonic\/","title":{"rendered":"Tech Tonic"},"content":{"rendered":"\t\t<div data-elementor-type=\"wp-page\" data-elementor-id=\"5902\" class=\"elementor elementor-5902\">\n\t\t\t\t\t\t\t\t\t<section class=\"elementor-section elementor-top-section elementor-element elementor-element-2dad1c7 elementor-section-boxed elementor-section-height-default elementor-section-height-default\" data-id=\"2dad1c7\" data-element_type=\"section\">\n\t\t\t\t\t\t<div class=\"elementor-container elementor-column-gap-default\">\n\t\t\t\t\t<div class=\"elementor-column elementor-col-50 elementor-top-column elementor-element elementor-element-d19a7ee\" data-id=\"d19a7ee\" data-element_type=\"column\">\n\t\t\t<div class=\"elementor-widget-wrap elementor-element-populated\">\n\t\t\t\t\t\t\t\t<div class=\"elementor-element elementor-element-ad6b42a elementor-widget elementor-widget-image\" data-id=\"ad6b42a\" data-element_type=\"widget\" data-widget_type=\"image.default\">\n\t\t\t\t<div class=\"elementor-widget-container\">\n\t\t\t<style>\/*! elementor - v3.6.2 - 04-04-2022 *\/\n.elementor-widget-image{text-align:center}.elementor-widget-image a{display:inline-block}.elementor-widget-image a img[src$=\".svg\"]{width:48px}.elementor-widget-image img{vertical-align:middle;display:inline-block}<\/style>\t\t\t\t\t\t\t\t\t\t\t\t<img loading=\"lazy\" decoding=\"async\" width=\"1080\" height=\"1080\" src=\"https:\/\/naturetech.com.tr\/wp-content\/uploads\/2022\/03\/techtonic-1.jpg\" class=\"attachment-full size-full\" alt=\"\" srcset=\"https:\/\/naturetech.com.tr\/wp-content\/uploads\/2022\/03\/techtonic-1.jpg 1080w, https:\/\/naturetech.com.tr\/wp-content\/uploads\/2022\/03\/techtonic-1-300x300.jpg 300w, https:\/\/naturetech.com.tr\/wp-content\/uploads\/2022\/03\/techtonic-1-1024x1024.jpg 1024w, https:\/\/naturetech.com.tr\/wp-content\/uploads\/2022\/03\/techtonic-1-150x150.jpg 150w, https:\/\/naturetech.com.tr\/wp-content\/uploads\/2022\/03\/techtonic-1-768x768.jpg 768w\" sizes=\"auto, (max-width: 1080px) 100vw, 1080px\" \/>\t\t\t\t\t\t\t\t\t\t\t\t\t\t\t<\/div>\n\t\t\t\t<\/div>\n\t\t\t\t\t<\/div>\n\t\t<\/div>\n\t\t\t\t<div class=\"elementor-column elementor-col-50 elementor-top-column elementor-element elementor-element-04a210f\" data-id=\"04a210f\" data-element_type=\"column\">\n\t\t\t<div class=\"elementor-widget-wrap elementor-element-populated\">\n\t\t\t\t\t\t\t\t<div class=\"elementor-element elementor-element-744725b elementor-widget elementor-widget-heading\" data-id=\"744725b\" data-element_type=\"widget\" data-widget_type=\"heading.default\">\n\t\t\t\t<div class=\"elementor-widget-container\">\n\t\t\t<style>\/*! elementor - v3.6.2 - 04-04-2022 *\/\n.elementor-heading-title{padding:0;margin:0;line-height:1}.elementor-widget-heading .elementor-heading-title[class*=elementor-size-]>a{color:inherit;font-size:inherit;line-height:inherit}.elementor-widget-heading .elementor-heading-title.elementor-size-small{font-size:15px}.elementor-widget-heading .elementor-heading-title.elementor-size-medium{font-size:19px}.elementor-widget-heading .elementor-heading-title.elementor-size-large{font-size:29px}.elementor-widget-heading .elementor-heading-title.elementor-size-xl{font-size:39px}.elementor-widget-heading .elementor-heading-title.elementor-size-xxl{font-size:59px}<\/style><h2 class=\"elementor-heading-title elementor-size-default\">TECHTONIC<\/h2>\t\t<\/div>\n\t\t\t\t<\/div>\n\t\t\t\t<div class=\"elementor-element elementor-element-cb69917 elementor-widget elementor-widget-text-editor\" data-id=\"cb69917\" data-element_type=\"widget\" data-widget_type=\"text-editor.default\">\n\t\t\t\t<div class=\"elementor-widget-container\">\n\t\t\t<style>\/*! elementor - v3.6.2 - 04-04-2022 *\/\n.elementor-widget-text-editor.elementor-drop-cap-view-stacked .elementor-drop-cap{background-color:#818a91;color:#fff}.elementor-widget-text-editor.elementor-drop-cap-view-framed .elementor-drop-cap{color:#818a91;border:3px solid;background-color:transparent}.elementor-widget-text-editor:not(.elementor-drop-cap-view-default) .elementor-drop-cap{margin-top:8px}.elementor-widget-text-editor:not(.elementor-drop-cap-view-default) .elementor-drop-cap-letter{width:1em;height:1em}.elementor-widget-text-editor .elementor-drop-cap{float:left;text-align:center;line-height:1;font-size:50px}.elementor-widget-text-editor .elementor-drop-cap-letter{display:inline-block}<\/style>\t\t\t\t<div class=\"elementor-element elementor-element-6241c58 elementor-widget elementor-widget-heading\" data-id=\"6241c58\" data-element_type=\"widget\" data-widget_type=\"heading.default\"><div class=\"elementor-widget-container\"><p class=\"elementor-heading-title elementor-size-large\"><span style=\"color: var(--global-palette4); font-family: var(--global-body-font-family); font-size: 17px; font-weight: 400;\">Organomineral \u00dcr\u00fcnler &#8211; \u0130z Element Katk\u0131l\u0131 S\u0131v\u0131 Organomineral G\u00fcbre<\/span><\/p><\/div><\/div>\t\t\t\t\t\t<\/div>\n\t\t\t\t<\/div>\n\t\t\t\t<div class=\"elementor-element elementor-element-86117c7 elementor-widget elementor-widget-text-editor\" data-id=\"86117c7\" data-element_type=\"widget\" data-widget_type=\"text-editor.default\">\n\t\t\t\t<div class=\"elementor-widget-container\">\n\t\t\t\t\t\t\t<table><tbody><tr><td><strong>Garanti Edilen \u0130\u00e7erik<\/strong><\/td><td><strong>W\/W<\/strong><\/td><\/tr><tr><td>Organik Madde<\/td><td>%15<\/td><\/tr><tr><td>Suda \u00c7\u00f6z\u00fcn\u00fcr Mangan (Mn)<\/td><td>%1<\/td><\/tr><tr><td>Suda \u00c7\u00f6z\u00fcn\u00fcr \u00c7inko (Zn)<\/td><td>%2<\/td><\/tr><tr><td>Serbest Aminoasitler<\/td><td>%3<\/td><\/tr><tr><td>Maksimum Klor (Cl)<\/td><td>%1<\/td><\/tr><tr><td>pH Aral\u0131\u011f\u0131<\/td><td>3,5-5,5<\/td><\/tr><\/tbody><\/table>\t\t\t\t\t\t<\/div>\n\t\t\t\t<\/div>\n\t\t\t\t<div class=\"elementor-element elementor-element-f29c897 elementor-widget elementor-widget-button\" data-id=\"f29c897\" data-element_type=\"widget\" data-widget_type=\"button.default\">\n\t\t\t\t<div class=\"elementor-widget-container\">\n\t\t\t\t\t<div class=\"elementor-button-wrapper\">\n\t\t\t<a href=\"#\" class=\"elementor-button-link elementor-button elementor-size-sm\" role=\"button\">\n\t\t\t\t\t\t<span class=\"elementor-button-content-wrapper\">\n\t\t\t\t\t\t<span class=\"elementor-button-text\">Tescili G\u00f6r\u00fcnt\u00fcle<\/span>\n\t\t<\/span>\n\t\t\t\t\t<\/a>\n\t\t<\/div>\n\t\t\t\t<\/div>\n\t\t\t\t<\/div>\n\t\t\t\t\t<\/div>\n\t\t<\/div>\n\t\t\t\t\t\t\t<\/div>\n\t\t<\/section>\n\t\t\t\t\t\t\t<\/div>\n\t\t","protected":false},"excerpt":{"rendered":"<p>TECHTONIC Organomineral \u00dcr\u00fcnler &#8211; \u0130z Element Katk\u0131l\u0131 S\u0131v\u0131 Organomineral G\u00fcbre Garanti Edilen \u0130\u00e7erik W\/W Organik Madde %15 Suda \u00c7\u00f6z\u00fcn\u00fcr Mangan &hellip;<\/p>\n","protected":false},"author":1,"featured_media":5718,"parent":0,"menu_order":0,"comment_status":"closed","ping_status":"closed","template":"","meta":{"footnotes":""},"class_list":["post-5902","page","type-page","status-publish","has-post-thumbnail","hentry"],"_links":{"self":[{"href":"https:\/\/naturetech.com.tr\/en\/wp-json\/wp\/v2\/pages\/5902","targetHints":{"allow":["GET"]}}],"collection":[{"href":"https:\/\/naturetech.com.tr\/en\/wp-json\/wp\/v2\/pages"}],"about":[{"href":"https:\/\/naturetech.com.tr\/en\/wp-json\/wp\/v2\/types\/page"}],"author":[{"embeddable":true,"href":"https:\/\/naturetech.com.tr\/en\/wp-json\/wp\/v2\/users\/1"}],"replies":[{"embeddable":true,"href":"https:\/\/naturetech.com.tr\/en\/wp-json\/wp\/v2\/comments?post=5902"}],"version-history":[{"count":6,"href":"https:\/\/naturetech.com.tr\/en\/wp-json\/wp\/v2\/pages\/5902\/revisions"}],"predecessor-version":[{"id":5920,"href":"https:\/\/naturetech.com.tr\/en\/wp-json\/wp\/v2\/pages\/5902\/revisions\/5920"}],"wp:featuredmedia":[{"embeddable":true,"href":"https:\/\/naturetech.com.tr\/en\/wp-json\/wp\/v2\/media\/5718"}],"wp:attachment":[{"href":"https:\/\/naturetech.com.tr\/en\/wp-json\/wp\/v2\/media?parent=5902"}],"curies":[{"name":"wp","href":"https:\/\/api.w.org\/{rel}","templated":true}]}}